{"id":25,"date":"2014-11-25T07:41:22","date_gmt":"2014-11-25T07:41:22","guid":{"rendered":"https:\/\/www2.gsid.nagoya-u.ac.jp\/blog\/isamuokada\/?page_id=25"},"modified":"2017-05-10T22:39:40","modified_gmt":"2017-05-10T22:39:40","slug":"works","status":"publish","type":"page","link":"https:\/\/www2.gsid.nagoya-u.ac.jp\/blog\/isamuokada\/works\/","title":{"rendered":"Works"},"content":{"rendered":"<p><strong>Written works (in Spanish)<\/strong><\/p>\n<ul>\n<li>2016, \u201cEvo Morales, cooperativas mineras y el dif\u00edcil parto de la nueva ley minera.\u201d Decursos <em>34<\/em>. Cochabamba: CESU-UMSS, pp.163-193<\/li>\n<li>2012,\u201cConflictos recientes de recursos naturales y dinam\u00edsmos intr\u00ednsecos en Per\u00fa y Bolivia.\u201d <em>Decursos 26<\/em>. Cochabamba: CESU-UMSS, pp.87-114<\/li>\n<\/ul>\n<p><strong>Written works (in Japanese)<\/strong><\/p>\n<ul>\n<li>2016, <em>Resource Dependent State and Democracy: Challenges of Latin American Countries<\/em>. Nagoya University Press.<\/li>\n<li>\u201cThe President and Strong Civil Society Organizations in Current Bolivia: Making of the New Mining Law under Evo Morales\u201d in Koichi Usami, Hirokazu Kikuchi and Kaori Baba eds. <em>Civil Society Organizations in Latin America: Continuity and Change<\/em>. Chiba: IDE-JETRO, pp.77-111.<\/li>\n<li>2015, &#8220;Nationalizations of Hydrocarbon Sector in Latin America:\u00a0Panel Regression Analysis of Producing Countries, 1990-2012&#8221;\u00a0<em>Asian Economies <\/em>56 (3), pp.3-37.<\/li>\n<li>2015, \u201dState-Civil Society Relation in Bolivian Mining: Strong Interest Group and Policy-Making Process,&#8221; Research Report of IDE-JETRO research group on Challenges and Prospects of the Researches on State and Civil Society in Latin America, pp.50-64.<\/li>\n<li>2014, &#8220;Natural Resource Development and Protests Participation in Latin America: Multilevel Analysis Using LAPOP Data,&#8221; in Naokatsu Uetani ed. <em>Political Participation in Latin America&#8217;s &#8220;Post-Neoliberal Era&#8221;, <\/em>Chiba: IDE-JETRO, pp.179-207<\/li>\n<li>2013, \u201cActors and Political Process in the Bolivian Mining under Evo Morales: the State and the Influential Interest Group,\u201d Iberoamericana no.35 vol.1, pp.23-42.<\/li>\n<li>2013, \u201cUncertainty in Policy Process of Bolivia: Complicated Economy Policymaking under Evo Morales,\u201d <em>Latin America Report<\/em> no.30 vol.1, JETRO-IEA, pp.32-42.<\/li>\n<li>2012, \u201cPolicymaking Process of Bolivia in 2012: Case of Conflict on TIPNIS Project,\u201d <em>Latin America Report<\/em> no.29 vol.1, JETRO-IEA, pp.83-92.<\/li>\n<li>2011, \u201cIssues in Politics and Economy in Bolivia after \u201cGasolinazo\u201d\u201d, <em>Latin America Jiho<\/em> no. 1396, pp.41-43.<\/li>\n<li>2010, \u201cFrom Protest to Institutional Dialogue: the <em>Baguazo<\/em> and the Difficult Process of the Indigenous Inclusion in Peru,\u201d <em>Latin America Report<\/em> no.27 vol.2, JETRO-IEA, pp.29-37.<\/li>\n<li>2009, \u201cNatural Resource Development and Social Conflict in Peru: the case of <em>paro amaz\u00f3nico,\u201d<\/em> <em>Latin America Report<\/em> no.25 vol.1, JETRO-IEA, pp.49-57.<\/li>\n<li>2009, \u201cIndigenous Movements in the Andean Countries: Comparative Analysis of Identity Organization Process,\u201d in Yusuke Murakami and Shigeo Osonoi eds. <em>Political Change in the Actual Andean Countries: Search for the Governability<\/em>, Tokyo: Akashishoten, pp.137-160.<\/li>\n<\/ul>\n<p><strong><u>Research Grants (External Grants Only)<\/u><\/strong><\/p>\n<ul>\n<li>2016-2020 KAKENHI, Grant-in-Aid by Japan Society for Promotion of Science (JSPS), 16KT0042<\/li>\n<li>2016-2019\u00a0\u00a0 KAKENHI, Grant-in-Aid for Young Scientists (B) by Japan Society for Promotion of Science (JSPS),\u00a016K21086<\/li>\n<li>2014-2016\u00a0\u00a0 Research Grant by Institute of Developing Economies \u2013 Japan External Trade Organization (IDE-JETRO)<\/li>\n<li>2015\u00a0\u00a0\u00a0\u00a0\u00a0\u00a0\u00a0 Research Grant, by the Murata Science Foundation<\/li>\n<li>2013-2014\u00a0\u00a0 Research Fellow\u2019s Grant, by Japan Society for Promotion of Science (JSPS)<\/li>\n<li>2013-2014\u00a0\u00a0 Research Grant, by Institute of Developing Economies \u2013 Japan External Trade Organization (IDE-JETRO)<\/li>\n<li>2007-2010\u00a0\u00a0 Research Fellow\u2019s Grant, by Japan Society for Promotion of Science (JSPS)<\/li>\n<\/ul>\n<p>&nbsp;<\/p>\n","protected":false},"excerpt":{"rendered":"<p>Written works (in Spanish) 2016, \u201cEvo Morales, cooperativas mineras y el dif\u00edcil parto de la nueva ley minera.\u201d Decursos 34. Cochabamba: CESU-UMSS, pp.163-193 2012,\u201cConflictos recientes de recursos naturales y dinam\u00edsmos intr\u00ednsecos en Per\u00fa y Bolivia.\u201d Decursos 26. Cochabamba: CESU-UMSS, pp.87-114 Written works (in Japanese) 2016, Resource Dependent State and Democracy: Challenges of Latin American Countries. Nagoya University Press. \u201cThe President and Strong Civil Society Organizations in Current Bolivia: Making of the New Mining Law under Evo Morales\u201d in Koichi Usami, Hirokazu Kikuchi and Kaori Baba eds. Civil Society Organizations in Latin America: Continuity and Change. Chiba: IDE-JETRO, pp.77-111. 2015, &#8220;Nationalizations of Hydrocarbon Sector in Latin America:\u00a0Panel Regression Analysis of Producing &hellip; <a href=\"https:\/\/www2.gsid.nagoya-u.ac.jp\/blog\/isamuokada\/works\/\">Continue reading <span class=\"meta-nav\">&rarr;<\/span><\/a><\/p>\n","protected":false},"author":1009,"featured_media":0,"parent":0,"menu_order":2,"comment_status":"open","ping_status":"open","template":"","meta":{"footnotes":""},"class_list":["post-25","page","type-page","status-publish","hentry"],"_links":{"self":[{"href":"https:\/\/www2.gsid.nagoya-u.ac.jp\/blog\/isamuokada\/wp-json\/wp\/v2\/pages\/25","targetHints":{"allow":["GET"]}}],"collection":[{"href":"https:\/\/www2.gsid.nagoya-u.ac.jp\/blog\/isamuokada\/wp-json\/wp\/v2\/pages"}],"about":[{"href":"https:\/\/www2.gsid.nagoya-u.ac.jp\/blog\/isamuokada\/wp-json\/wp\/v2\/types\/page"}],"author":[{"embeddable":true,"href":"https:\/\/www2.gsid.nagoya-u.ac.jp\/blog\/isamuokada\/wp-json\/wp\/v2\/users\/1009"}],"replies":[{"embeddable":true,"href":"https:\/\/www2.gsid.nagoya-u.ac.jp\/blog\/isamuokada\/wp-json\/wp\/v2\/comments?post=25"}],"version-history":[{"count":8,"href":"https:\/\/www2.gsid.nagoya-u.ac.jp\/blog\/isamuokada\/wp-json\/wp\/v2\/pages\/25\/revisions"}],"predecessor-version":[{"id":176,"href":"https:\/\/www2.gsid.nagoya-u.ac.jp\/blog\/isamuokada\/wp-json\/wp\/v2\/pages\/25\/revisions\/176"}],"wp:attachment":[{"href":"https:\/\/www2.gsid.nagoya-u.ac.jp\/blog\/isamuokada\/wp-json\/wp\/v2\/media?parent=25"}],"curies":[{"name":"wp","href":"https:\/\/api.w.org\/{rel}","templated":true}]}}